{"id":15,"date":"2023-12-04T11:40:44","date_gmt":"2023-12-04T10:40:44","guid":{"rendered":"https:\/\/mondkalender-moonworx.de\/startseite\/"},"modified":"2026-03-31T18:28:55","modified_gmt":"2026-03-31T16:28:55","slug":"startseite","status":"publish","type":"page","link":"https:\/\/moonworx.de\/de\/","title":{"rendered":"Startseite"},"content":{"rendered":"<div class=\"et_pb_section_0 et_pb_section et_section_regular et_block_section\">\n<div class=\"et_pb_row_0 et_pb_row et_block_row\">\n<div class=\"et_pb_column_0 et_pb_column et_pb_column_4_4 et-last-child et_block_column et_pb_css_mix_blend_mode_passthrough\">\n<div class=\"et_pb_text_0 et_pb_text et_pb_bg_layout_light et_pb_module et_block_module\"><div class=\"et_pb_text_inner\" data-et-mv-hidden-tablet=\"true\" data-et-mv-hidden-phone=\"true\"><h1 style=\"text-align: center;\">MoonWorx. DER Mondkalender<\/h1>\n<h2 style=\"text-align: center;\">Holen Sie sich jetzt die beliebte Mondkalender App!<\/h2>\n<\/div><\/div>\n<\/div>\n<\/div>\n\n<div class=\"et_pb_row_1 et_pb_row et_block_row\">\n<div class=\"et_pb_column_1 et_pb_column et_pb_column_1_2 et_block_column et_pb_css_mix_blend_mode_passthrough\">\n<div class=\"et_pb_text_1 et_pb_text et_pb_bg_layout_light et_pb_module et_block_module\"><div class=\"et_pb_text_inner\"><p><strong>Sie suchen eine Mondkalender App?<br \/><\/strong>Dann ist der MoonWorx Mondkalender Ihr perfekter Begleiter. Sie erhalten alle Funktionen wie rechts zu sehen und viele weitere Infos zur aktuellen Tagesqualit\u00e4t. Lesen Sie t\u00e4gliche Tipps f\u00fcr \u00fcber 90 Aktivit\u00e4ten unterteilt in 7 Kategorien (Haushalt, Garten, Ern\u00e4hrung, K\u00f6rperpflege, Haarpflege, Gesundheit, Heimwerken), welche Sie mit der Monatsansicht auch wunderbar planen k\u00f6nnen.<\/p>\n<p>MoonWorx ist einer der wenigen Mondkalender, welcher den Zeichenwechsel nach tropischem oder siderischem Tierkreis oder nach Maria Thun berechnen kann. Letztere ist vor allem bekannt f\u00fcr das G\u00e4rtnern mit dem Mond.<\/p>\n<p>Der Biorhythmus berechnet Ihre pers\u00f6nlichen Hoch- und Tief-Phasen f\u00fcr K\u00f6rper, Geist und Seele, sowie f\u00fcr die sekund\u00e4ren Biorhythmen \u00c4sthetik, Intuition, Bewusstsein und Spiritualit\u00e4t. Neben den bekannten symmetrischen Sinus-Kurven kann der Biorhythmus auch asymmetrisch nach Paungger und Poppe berechnet werden.<\/p>\n<p>Au\u00dferdem erhalten Sie in einer kleinen Guide zus\u00e4tzliche Informationen \u00fcber den Mond, Biorhythmus, Mondphasen, Mondpausen, Sternzeichen, Elemente, sowie eine Funktions-Anleitung f\u00fcr die App.<\/p>\n<\/div><\/div>\n<\/div>\n\n<div class=\"et_pb_column_2 et_pb_column et_pb_column_1_2 et-last-child et_block_column et_pb_css_mix_blend_mode_passthrough\">\n<div class=\"et_pb_code_0 et_pb_code et_pb_module\"><div class=\"et_pb_code_inner\">        <div class=\"container-fluid\" id=\"moonworx-today\">\n  \n        <\/div>\n        <\/div><\/div>\n<\/div>\n<\/div>\n\n<div class=\"et_pb_row_2 et_pb_row et_block_row\">\n<div class=\"et_pb_column_3 et_pb_column et_pb_column_4_4 et-last-child et_block_column et_pb_css_mix_blend_mode_passthrough\">\n<div class=\"et_pb_code_1 et_pb_code et_pb_module\"><div class=\"et_pb_code_inner\">  \n  \n  <div class=\"\n    mailpoet_form_popup_overlay\n      \"><\/div>\n  <div\n    id=\"mailpoet_form_1\"\n    class=\"\n      mailpoet_form\n      mailpoet_form_shortcode\n      mailpoet_form_position_\n      mailpoet_form_animation_\n    \"\n      >\n\n    <style type=\"text\/css\">\n     #mailpoet_form_1 .mailpoet_form {  }\n#mailpoet_form_1 .mailpoet_column_with_background { padding: 10px; }\n#mailpoet_form_1 .mailpoet_form_column:not(:first-child) { margin-left: 20px; }\n#mailpoet_form_1 .mailpoet_paragraph { line-height: 20px; margin-bottom: 20px; }\n#mailpoet_form_1 .mailpoet_segment_label, #mailpoet_form_1 .mailpoet_text_label, #mailpoet_form_1 .mailpoet_textarea_label, #mailpoet_form_1 .mailpoet_select_label, #mailpoet_form_1 .mailpoet_radio_label, #mailpoet_form_1 .mailpoet_checkbox_label, #mailpoet_form_1 .mailpoet_list_label, #mailpoet_form_1 .mailpoet_date_label { display: block; font-weight: normal; }\n#mailpoet_form_1 .mailpoet_text, #mailpoet_form_1 .mailpoet_textarea, #mailpoet_form_1 .mailpoet_select, #mailpoet_form_1 .mailpoet_date_month, #mailpoet_form_1 .mailpoet_date_day, #mailpoet_form_1 .mailpoet_date_year, #mailpoet_form_1 .mailpoet_date { display: block; }\n#mailpoet_form_1 .mailpoet_text, #mailpoet_form_1 .mailpoet_textarea { width: 200px; }\n#mailpoet_form_1 .mailpoet_checkbox {  }\n#mailpoet_form_1 .mailpoet_submit {  }\n#mailpoet_form_1 .mailpoet_divider {  }\n#mailpoet_form_1 .mailpoet_message {  }\n#mailpoet_form_1 .mailpoet_form_loading { width: 30px; text-align: center; line-height: normal; }\n#mailpoet_form_1 .mailpoet_form_loading > span { width: 5px; height: 5px; background-color: #5b5b5b; }#mailpoet_form_1{border-radius: 0px;background: linear-gradient(45deg,rgb(34,140,254) 0%,rgb(20,64,134) 100%);color: #ffffff;text-align: left;}#mailpoet_form_1 form.mailpoet_form {padding: 20px;}#mailpoet_form_1{width: 100%;}#mailpoet_form_1 .mailpoet_message {margin: 0; padding: 0 20px;}#mailpoet_form_1 .mailpoet_paragraph.last {margin-bottom: 0} @media (max-width: 500px) {#mailpoet_form_1 {background: linear-gradient(45deg,rgb(34,140,254) 0%,rgb(20,64,134) 100%);}} @media (min-width: 500px) {#mailpoet_form_1 .last .mailpoet_paragraph:last-child {margin-bottom: 0}}  @media (max-width: 500px) {#mailpoet_form_1 .mailpoet_form_column:last-child .mailpoet_paragraph:last-child {margin-bottom: 0}} \n    <\/style>\n\n    <form\n      target=\"_self\"\n      method=\"post\"\n      action=\"https:\/\/moonworx.de\/wp-admin\/admin-post.php?action=mailpoet_subscription_form\"\n      class=\"mailpoet_form mailpoet_form_form mailpoet_form_shortcode\"\n      novalidate\n      data-delay=\"\"\n      data-exit-intent-enabled=\"\"\n      data-font-family=\"\"\n      data-cookie-expiration-time=\"\"\n    >\n      <input type=\"hidden\" name=\"data[form_id]\" value=\"1\" \/>\n      <input type=\"hidden\" name=\"token\" value=\"cc3cabd121\" \/>\n      <input type=\"hidden\" name=\"api_version\" value=\"v1\" \/>\n      <input type=\"hidden\" name=\"endpoint\" value=\"subscribers\" \/>\n      <input type=\"hidden\" name=\"mailpoet_method\" value=\"subscribe\" \/>\n\n      <label class=\"mailpoet_hp_email_label\" style=\"display: none !important;\">Bitte dieses Feld leer lassen<input type=\"email\" name=\"data[email]\"\/><\/label><h2 class=\"mailpoet-heading \" style=\"text-align: left; color: #ffffff\">Newsletter Anmeldung<\/h2>\n<p class=\"mailpoet_form_paragraph \" style=\"text-align: left\">Erhalten Sie regelm\u00e4\u00dfig Neuigkeiten \u00fcber die MoonWorx App, Mondphasen, r\u00fcckl\u00e4ufige Planeten, Produkte und Angebote rund um den MoonWorx-Mondkalender.<\/p>\n<div class=\"mailpoet_paragraph \"><label for=\"form_first_name_1\" class=\"mailpoet_text_label\"  data-automation-id=\"form_first_name_label\" >Name<\/label><input type=\"text\" autocomplete=\"given-name\" class=\"mailpoet_text\" id=\"form_first_name_1\" name=\"data[form_field_Y2NlOTYwMmI0NDExX2ZpcnN0X25hbWU=]\" title=\"Name\" value=\"\" style=\"width:100%;box-sizing:border-box;padding:5px;margin: 0 auto 0 0;\" data-automation-id=\"form_first_name\" data-parsley-errors-container=\".mailpoet_error_1ffa2\" data-parsley-names='[&quot;Bitte gib einen g\u00fcltigen Namen an.&quot;,&quot;Adressen in Namen sind nicht erlaubt, bitte f\u00fcge stattdessen deinen Namen hinzu.&quot;]'\/><span class=\"mailpoet_error_1ffa2\"><\/span><\/div>\n<div class=\"mailpoet_paragraph \"><label for=\"form_email_1\" class=\"mailpoet_text_label\"  data-automation-id=\"form_email_label\" >E-Mail-Adresse&nbsp;<span class=\"mailpoet_required\" aria-hidden=\"true\">*<\/span><\/label><input type=\"email\" autocomplete=\"email\" class=\"mailpoet_text\" id=\"form_email_1\" name=\"data[form_field_ZWU3M2YwMzAxZmZhX2VtYWls]\" title=\"E-Mail-Adresse\" value=\"\" style=\"width:100%;box-sizing:border-box;padding:5px;margin: 0 auto 0 0;\" data-automation-id=\"form_email\" data-parsley-errors-container=\".mailpoet_error_1f2qh\" data-parsley-required=\"true\" required aria-required=\"true\" data-parsley-minlength=\"6\" data-parsley-maxlength=\"150\" data-parsley-type-message=\"Dieser Wert sollte eine g\u00fcltige E-Mail-Adresse sein.\" data-parsley-required-message=\"Dieses Feld wird ben\u00f6tigt.\"\/><span class=\"mailpoet_error_1f2qh\"><\/span><\/div>\n<p class=\"mailpoet_form_paragraph  mailpoet-has-font-size\" style=\"text-align: left; color: #ffffff; font-size: 13px\">Mit dem Absenden dieses Formulars stimmen Sie der <a href=\"https:\/\/moonworx.de\/datenschutz\/\" data-type=\"page\" data-id=\"21\" target=\"_blank\" rel=\"noreferrer noopener\">Datenschutzerkl\u00e4rung<\/a> zu. Sie k\u00f6nnen den Newsletter jederzeit abbestellen.<\/p>\n<div class=\"mailpoet_paragraph \"><input type=\"submit\" class=\"mailpoet_submit\" value=\"Newsletter abonnieren\" data-automation-id=\"subscribe-submit-button\" style=\"width:100%;box-sizing:border-box;background-color:#ffffff;border-style:solid;border-radius:5px !important;border-width:1px;border-color:#ffffff;padding:5px;margin: 0 auto 0 0;color:#144086;\" \/><span class=\"mailpoet_form_loading\"><span class=\"mailpoet_bounce1\"><\/span><span class=\"mailpoet_bounce2\"><\/span><span class=\"mailpoet_bounce3\"><\/span><\/span><\/div>\n\n      <div class=\"mailpoet_message\">\n        <p class=\"mailpoet_validate_success\"\n                style=\"display:none;\"\n                >Pr\u00fcfen Sie Ihren Posteingang oder Spam-Ordner, um Ihr Abonnement zu best\u00e4tigen.\n        <\/p>\n        <p class=\"mailpoet_validate_error\"\n                style=\"display:none;\"\n                >        <\/p>\n      <\/div>\n    <\/form>\n\n      <\/div>\n\n  <\/div><\/div>\n<\/div>\n<\/div>\n<\/div>\n\n<div class=\"et_pb_section_1 et_pb_section et_section_regular et_block_section\">\n<div class=\"et_pb_row_3 et_pb_row et_block_row\">\n<div class=\"et_pb_column_4 et_pb_column et_pb_column_4_4 et-last-child et_block_column et_pb_css_mix_blend_mode_passthrough\">\n<div class=\"et_pb_text_2 et_pb_text et_pb_bg_layout_dark et_pb_module et_block_module\"><div class=\"et_pb_text_inner\"><h2 style=\"text-align: center;\">MoonWorx Funktionen<\/h2>\n<\/div><\/div>\n<\/div>\n<\/div>\n\n<div class=\"et_pb_row_4 et_pb_row et_pb_equal_columns et_block_row\">\n<div class=\"et_pb_column_5 et_pb_column et_pb_column_1_3 et_block_column et_pb_css_mix_blend_mode_passthrough\">\n<div class=\"et_pb_blurb_0 et_pb_blurb et_pb_bg_layout_light et_pb_blurb_position_top et_pb_module et_block_module preset--module--divi-blurb--8p4wpw2lux\"><div class=\"et_pb_blurb_content\"><div class=\"et_pb_main_blurb_image\"><span class=\"et_pb_image_wrap\"><span class=\"et-pb-icon et_animated et_animated\">\uf017<\/span><\/span><\/div><div class=\"et_pb_blurb_container\"><h3 class=\"et_pb_module_header\">Minutengenaue Berechnung<\/h3><div class=\"et_pb_blurb_description\"><ul>\n<li>Mondphasen<\/li>\n<li>Zeichenwechsel<\/li>\n<li>Mondpausen<\/li>\n<li>Sonnenauf-\/untergang<\/li>\n<li>Mondauf-\/untergang<\/li>\n<\/ul>\n<\/div><\/div><\/div><\/div>\n<\/div>\n\n<div class=\"et_pb_column_6 et_pb_column et_pb_column_1_3 et_block_column et_pb_css_mix_blend_mode_passthrough\">\n<div class=\"et_pb_blurb_1 et_pb_blurb et_pb_bg_layout_light et_pb_blurb_position_top et_pb_module et_block_module preset--module--divi-blurb--8p4wpw2lux\"><div class=\"et_pb_blurb_content\"><div class=\"et_pb_main_blurb_image\"><span class=\"et_pb_image_wrap\"><span class=\"et-pb-icon et_animated et_animated\">\uf83e<\/span><\/span><\/div><div class=\"et_pb_blurb_container\"><h3 class=\"et_pb_module_header\">Biorhythmus<\/h3><div class=\"et_pb_blurb_description\"><ul>\n<li>Sinuswellen oder asymmetrisch nach Paugner &amp; Poppe<\/li>\n<li>K\u00f6rper, Geist, Seele, Spirituell, Intuition, Bewusstsein, \u00c4sthetik<\/li>\n<li>Partnervergleich<\/li>\n<\/ul>\n<\/div><\/div><\/div><\/div>\n<\/div>\n\n<div class=\"et_pb_column_7 et_pb_column et_pb_column_1_3 et-last-child et_block_column et_pb_css_mix_blend_mode_passthrough\">\n<div class=\"et_pb_blurb_2 et_pb_blurb et_pb_bg_layout_light et_pb_blurb_position_top et_pb_module et_block_module preset--module--divi-blurb--8p4wpw2lux\"><div class=\"et_pb_blurb_content\"><div class=\"et_pb_main_blurb_image\"><span class=\"et_pb_image_wrap\"><span class=\"et-pb-icon et_animated et_animated\">\uf073<\/span><\/span><\/div><div class=\"et_pb_blurb_container\"><h3 class=\"et_pb_module_header\">Monats\u00fcbersicht<\/h3><div class=\"et_pb_blurb_description\"><p>Planer Sie Ihre Aktivit\u00e4ten aus den Kategorien Haarpflege, K\u00f6rperpflege, Ern\u00e4hrung, Gesundheit, Garten, Haushalt und Heimwerken<\/p>\n<\/div><\/div><\/div><\/div>\n<\/div>\n<\/div>\n\n<div class=\"et_pb_row_5 et_pb_row et_pb_equal_columns et_block_row\">\n<div class=\"et_pb_column_8 et_pb_column et_pb_column_1_3 et_block_column et_pb_css_mix_blend_mode_passthrough\">\n<div class=\"et_pb_blurb_3 et_pb_blurb et_pb_bg_layout_light et_pb_blurb_position_top et_pb_module et_block_module preset--module--divi-blurb--8p4wpw2lux\"><div class=\"et_pb_blurb_content\"><div class=\"et_pb_main_blurb_image\"><span class=\"et_pb_image_wrap\"><span class=\"et-pb-icon et_animated et_animated\">\uf2b6<\/span><\/span><\/div><div class=\"et_pb_blurb_container\"><h3 class=\"et_pb_module_header\">Deutschsprachiger Support<\/h3><div class=\"et_pb_blurb_description\"><p>Wir versuchen nat\u00fcrlich auch unsere internationalen Anfragen bestm\u00f6glich zu beantworten<\/p>\n<\/div><\/div><\/div><\/div>\n<\/div>\n\n<div class=\"et_pb_column_9 et_pb_column et_pb_column_1_3 et_block_column et_pb_css_mix_blend_mode_passthrough\">\n<div class=\"et_pb_blurb_4 et_pb_blurb et_pb_bg_layout_light et_pb_blurb_position_top et_pb_module et_block_module preset--module--divi-blurb--8p4wpw2lux\"><div class=\"et_pb_blurb_content\"><div class=\"et_pb_main_blurb_image\"><span class=\"et_pb_image_wrap\"><span class=\"et-pb-icon et_animated et_animated\">\uf223<\/span><\/span><\/div><div class=\"et_pb_blurb_container\"><h3 class=\"et_pb_module_header\">R\u00fcckl\u00e4ufige Planeten<\/h3><div class=\"et_pb_blurb_description\"><ul>\n<li>Merkur<\/li>\n<li>Venus<\/li>\n<li>Mars<\/li>\n<\/ul>\n<\/div><\/div><\/div><\/div>\n<\/div>\n\n<div class=\"et_pb_column_10 et_pb_column et_pb_column_1_3 et-last-child et_block_column et_pb_css_mix_blend_mode_passthrough\">\n<div class=\"et_pb_blurb_5 et_pb_blurb et_pb_bg_layout_light et_pb_blurb_position_top et_pb_module et_block_module preset--module--divi-blurb--8p4wpw2lux\"><div class=\"et_pb_blurb_content\"><div class=\"et_pb_main_blurb_image\"><span class=\"et_pb_image_wrap\"><span class=\"et-pb-icon et_animated et_animated\">\uf56e<\/span><\/span><\/div><div class=\"et_pb_blurb_container\"><h3 class=\"et_pb_module_header\">PDF-Exporte<\/h3><div class=\"et_pb_blurb_description\"><ul>\n<li>Detaillierte Tagesansicht<\/li>\n<li>Wochen- oder Monatsansichten<\/li>\n<li>Mondphasen und r\u00fcckl\u00e4ufige Planeten f\u00fcr das ganze Jahr<\/li>\n<\/ul>\n<\/div><\/div><\/div><\/div>\n<\/div>\n<\/div>\n\n<div class=\"et_pb_row_6 et_pb_row et_block_row\">\n<div class=\"et_pb_column_11 et_pb_column et_pb_column_4_4 et-last-child et_block_column et_pb_css_mix_blend_mode_passthrough\">\n<div class=\"et_pb_module et_pb_button_module_wrapper et_pb_button_0_wrapper\"><a class=\"et_pb_button_0 et_pb_button et_pb_bg_layout_light et_pb_module et_block_module\" href=\"https:\/\/moonworx.de\/de\/preise-und-funktionen\/\">Alle Funktionen im Detail<\/a><\/div>\n<\/div>\n<\/div>\n<\/div>\n\n<div class=\"et_pb_section_2 et_pb_section et_section_regular et_block_section\">\n<div class=\"et_pb_row_7 et_pb_row et_block_row\">\n<div class=\"et_pb_column_12 et_pb_column et_pb_column_4_4 et-last-child et_block_column et_pb_css_mix_blend_mode_passthrough\">\n<div class=\"et_pb_text_3 et_pb_text et_pb_bg_layout_dark et_pb_module et_block_module\"><div class=\"et_pb_text_inner\"><h2 style=\"text-align: center;\">Holen Sie sich jetzt den<br \/>MoonWorx Mondkalender auf's Handy!<\/h2>\n<\/div><\/div>\n<\/div>\n<\/div>\n\n<div class=\"et_pb_row_8 et_pb_row et_block_row\">\n<div class=\"et_pb_column_13 et_pb_column et_pb_column_1_2 et_block_column et_pb_css_mix_blend_mode_passthrough\">\n<div class=\"et_pb_cta_0 et_pb_promo et_pb_bg_layout_dark et_clickable et_pb_module et_block_module\"><div class=\"et_pb_promo_description\"><h2 class=\"et_pb_module_header\">Android<\/h2><\/div><div class=\"et_pb_button_wrapper\"><a class=\"et_pb_button et_pb_promo_button\" target=\"_blank\" href=\"https:\/\/play.google.com\/store\/apps\/details?id=de.moonworx.android\" data-icon=\"5\" rel=\"noreferrer noopener\">Google Play Store<\/a><\/div><\/div>\n<\/div>\n\n<div class=\"et_pb_column_14 et_pb_column et_pb_column_1_2 et-last-child et_block_column et_pb_css_mix_blend_mode_passthrough\">\n<div class=\"et_pb_cta_1 et_pb_promo et_pb_bg_layout_dark et_clickable et_pb_module et_block_module\"><div class=\"et_pb_promo_description\"><h2 class=\"et_pb_module_header\">iPhone\/iPad<\/h2><\/div><div class=\"et_pb_button_wrapper\"><a class=\"et_pb_button et_pb_promo_button\" target=\"_blank\" href=\"https:\/\/apps.apple.com\/de\/app\/moonworx-mondkalender\/id761478288\" data-icon=\"5\" rel=\"noreferrer noopener\">Apple App Store<\/a><\/div><\/div>\n<\/div>\n<\/div>\n<\/div>","protected":false},"excerpt":{"rendered":"","protected":false},"author":1,"featured_media":0,"parent":0,"menu_order":0,"comment_status":"closed","ping_status":"closed","template":"","meta":{"iawp_total_views":1365,"footnotes":""},"class_list":["post-15","page","type-page","status-publish","hentry"],"_links":{"self":[{"href":"https:\/\/moonworx.de\/de\/wp-json\/wp\/v2\/pages\/15","targetHints":{"allow":["GET"]}}],"collection":[{"href":"https:\/\/moonworx.de\/de\/wp-json\/wp\/v2\/pages"}],"about":[{"href":"https:\/\/moonworx.de\/de\/wp-json\/wp\/v2\/types\/page"}],"author":[{"embeddable":true,"href":"https:\/\/moonworx.de\/de\/wp-json\/wp\/v2\/users\/1"}],"replies":[{"embeddable":true,"href":"https:\/\/moonworx.de\/de\/wp-json\/wp\/v2\/comments?post=15"}],"version-history":[{"count":6,"href":"https:\/\/moonworx.de\/de\/wp-json\/wp\/v2\/pages\/15\/revisions"}],"predecessor-version":[{"id":661,"href":"https:\/\/moonworx.de\/de\/wp-json\/wp\/v2\/pages\/15\/revisions\/661"}],"wp:attachment":[{"href":"https:\/\/moonworx.de\/de\/wp-json\/wp\/v2\/media?parent=15"}],"curies":[{"name":"wp","href":"https:\/\/api.w.org\/{rel}","templated":true}]}}