{"id":157,"date":"2023-12-06T14:24:37","date_gmt":"2023-12-06T13:24:37","guid":{"rendered":"https:\/\/mondkalender-moonworx.de\/berechnungen-und-inhalte\/"},"modified":"2026-03-13T12:00:18","modified_gmt":"2026-03-13T11:00:18","slug":"berechnungen-und-inhalte","status":"publish","type":"page","link":"https:\/\/moonworx.de\/de\/faq-und-hilfe\/berechnungen-und-inhalte\/","title":{"rendered":"Berechnungen und Inhalte"},"content":{"rendered":"\n<div class=\"et_pb_section_0 et_pb_section et_section_regular et_block_section\"><div class=\"et_pb_row_0 et_pb_row et_block_row\"><div class=\"et_pb_column_0 et_pb_column et_pb_column_4_4 et-last-child et_block_column et_pb_css_mix_blend_mode_passthrough\"><div class=\"et_pb_text_0 et_pb_text et_pb_bg_layout_light et_pb_module et_block_module\"><div class=\"et_pb_text_inner\"><h1>Fragen zu Berechnungen und Inhalten<\/h1>\n<\/div><\/div><\/div><\/div><div class=\"et_pb_row_1 et_pb_row et_block_row\"><div class=\"et_pb_column_1 et_pb_column et_pb_column_2_3 et_block_column et_pb_css_mix_blend_mode_passthrough\"><div class=\"et_pb_accordion_0 et_pb_accordion et_pb_module et_block_module\"><div class=\"et_pb_accordion_item_0 et_pb_accordion_item et_pb_toggle et_pb_module et_pb_toggle_open et_block_module\"><h2 class=\"et_pb_toggle_title\">Nach welcher Auslegung richtet sich MoonWorx<\/h2><div class=\"et_pb_toggle_content\"><p>Die Texte sind aus Ableitung der Charakteristiken der Tierkreiszeichen und deren Elemente entstanden. Die Mondphasen sind seit jeher mit bestimmten Eigenschaften verbunden. Der MoonWorx Mondkalender basiert auf allgemeinen astrologischen Grundkenntnissen, die zur Ableitung der Texte beigetragen haben, und entspricht keiner speziellen Auslegung wie z.B. der von Paungger-Poppe.<\/p>\n<\/div><\/div><div class=\"et_pb_accordion_item_1 et_pb_accordion_item et_pb_toggle et_pb_module et_pb_toggle_close et_block_module\"><h2 class=\"et_pb_toggle_title\">Wie verhalte ich mich bei Tagestipps richtig<\/h2><div class=\"et_pb_toggle_content\"><p>Generell f\u00fcr alle Kategorien gilt: Stellen Sie sich die Frage <strong>\"m\u00f6chte ich das?\"<\/strong> - und falls ja, dann legen Sie diese T\u00e4tigkeit auf einen gr\u00fcnen (= sehr gut geeignet) oder gelben (gut geeignet) Tag. Wenn Sie es an einem Tag machen, der rot markiert ist (ungeeignet), k\u00f6nnte es passieren, dass Sie das Gegenteil oder keinen Erfolg erreichen.<\/p>\n<p><strong>Beispiel Haare Schneiden<\/strong>: Schneidet man die Haare z.B. bei zunehmendem Mond, oder wenn der Mond in einem Luftzeichen steht (Waage, Zwilling, Wassermann), dann werden diese besonders schnell nachwachsen. Das hei\u00dft, wenn Sie sich lange Haare w\u00fcnschen, dann sollten Sie an diesen Tagen zum Fris\u00f6r gehen, an denen die Kategorie \"Haare schneiden (schnell wachsend)\" gr\u00fcn markiert ist.<\/p>\n<p><strong>Beispiel Di\u00e4t machen<\/strong>: M\u00f6chte ich eine Di\u00e4t machen? - Falls ja, dann eigenen sich die gr\u00fcnen Tage daf\u00fcr sehr gut, da der K\u00f6rper die N\u00e4hrstoffe nicht so gut verwertet, die Pfunde purzeln also leichter. Die roten Tage sind ungeeignet, da der K\u00f6rper alles aufnimmt und verwertet, was ihm zugef\u00fchrt wird, somit wird man auf der Waage nur wenig Erfolg sehen.<\/p>\n<p><strong>Beispiel Beine enthaaren<\/strong>: M\u00f6chte ich meine Beine enthaaren? - Falls ja, dann eigenen sich die gr\u00fcnen Tage daf\u00fcr sehr gut, da die Haare nur sehr langsam und d\u00fcnner wieder nachwachsen, an den roten Tagen k\u00f6nnte es passieren, dass die Haare sehr schnell und dicker wieder nachwachsen.<\/p>\n<\/div><\/div><div class=\"et_pb_accordion_item_2 et_pb_accordion_item et_pb_toggle et_pb_module et_pb_toggle_close et_block_module\"><h2 class=\"et_pb_toggle_title\">Was bedeuten die K\u00f6rperregionen<\/h2><div class=\"et_pb_toggle_content\"><p>Jedes Sternzeichen ist einer bestimmten Region des menschlichen K\u00f6rpers zugeordnet, da angenommen wird, dass der Mond in diesem Sternzeichen besonders stark auf die entsprechenden K\u00f6rperregionen wirkt. Z.B. ist Kopf und Kiefer den Zeichen Widder und Stier zugeordnet. Ein Besuch beim Zahnarzt ist an diesen Tagen beispielsweise denkbar ungeeignet. Wohltuende Pflege dieser K\u00f6rperregionen hingegen wird an den Tagen, an dem die K\u00f6rperregion aktiv ist, besonders gut aufgenommen. Als Beispiel sei eine Fu\u00dfreflexzonenmassage genannt, wenn der Mond im Zeichen Fische steht.<\/p>\n<\/div><\/div><div class=\"et_pb_accordion_item_3 et_pb_accordion_item et_pb_toggle et_pb_module et_pb_toggle_close et_block_module\"><h2 class=\"et_pb_toggle_title\">Welche Mondphasen werden berechnet?<\/h2><div class=\"et_pb_toggle_content\"><h3>Neumond, Vollmond, sowie der zu- und abnehmende Halbmond<\/h3>\n<p>Nach Neumond ist ca 14 Tage zunehmender Mond, und nach Vollmond ist ca 14 Tage abnehmender Mond. Jeweils ca. 7 Tage nach Neumond und Vollmond ist Halbmond.<\/p>\n<h3>Unterst\u00fctzter Zeitraum<\/h3>\n<p>In der Abo-Version (Android) vom 01.01.1800 - 31.12.2399<br \/>In der Kauf-Version (iOS) vom 01.01.1800 - 31.12.2027<\/p>\n<p>Die kostenlose Version unterst\u00fctzt die gleichen Zeitr\u00e4ume, allerdings kann hier nicht bis zum jeweiligen Tag, sondern jeweils nur 1 Tag vor und 1 Tag zur\u00fcck \"gebl\u00e4ttert\" werden.<\/p>\n<\/div><\/div><div class=\"et_pb_accordion_item_4 et_pb_accordion_item et_pb_toggle et_pb_module et_pb_toggle_close et_block_module\"><h2 class=\"et_pb_toggle_title\">Was sind r\u00fcckl\u00e4ufige Planeten<\/h2><div class=\"et_pb_toggle_content\"><p>In der westlichen (tropischen) Astrologie gilt die Erde als astrologische Basis. Da die Planeten in unserem Sonnensystem jedoch um die Sonne kreisen, scheint es aus Sicht der Erde manchmal so, dass Planeten r\u00fcckw\u00e4rts laufen. Dann spricht man davon, dass Planeten r\u00fcckl\u00e4ufig sein.<\/p>\n<p>Es wird allgemein angenommen, dass w\u00e4hrend dieser Zeitr\u00e4ume die Energie des jeweiligen Planeten nicht frei flie\u00dfen kann und Lebensbereiche, mit welchen der Planet assoziiert wird, blockiert oder beeintr\u00e4chtigt sind.<\/p>\n<h2>Was bedeutet es, wenn der Planet Merkur zur\u00fcck l\u00e4uft?<\/h2>\n<p>Merkur wird etwa drei Mal im Jahr f\u00fcr jeweils 20 Tage r\u00fcckl\u00e4ufig.\u00a0<\/p>\n<h3>F\u00fcr welche Lebensbereiche steht Merkur?<\/h3>\n<p>In der Astrologie wird dem Planet Merkur, genau wie dem r\u00f6mischen Gott Merkur die Bereiche Kommunikation und Handel zugeordnet. Merkur war der G\u00f6tterbote und der Gott der H\u00e4ndler (und Diebe). Ebenso werden diese Bereiche dem Planten Merkur zugeschrieben. Der Planet Merkur beeinflusst die \u00dcberbringung von Nachrichten, die Kommunikation allgemein und die Vermittlung zwischen Handelsleuten und damit den Handel selbst.<\/p>\n<h2>Was bedeutet es, wenn der Planet Venus zur\u00fcck l\u00e4uft?<\/h2>\n<p>Venus wird etwa alle 18 Monate f\u00fcr ca. 40 Tage r\u00fcckl\u00e4ufig.<\/p>\n<h3>F\u00fcr welche Lebensbereiche steht Venus?<\/h3>\n<p>In der Astrologie steht die Venus - genau wie die r\u00f6mische G\u00f6ttin Venus - f\u00fcr Liebe und Sch\u00f6nheit und f\u00fcr Weiblichkeit. Die R\u00fcckl\u00e4ufigkeit der Venus wirkt damit auf zwischenmenschliche Beziehungen, auf unseren Beziehungen zu Frauen und auf unsere eigene Weiblichkeit und Sch\u00f6nheit, sowie auch auf das Versch\u00f6nern unserer Umgebung.<\/p>\n<h2>Was bedeutet es, wenn der Planet Mars zur\u00fcck l\u00e4uft?<\/h2>\n<p>Mars wird etwa alle 24 Monate zwischen 60 und 80 Tage r\u00fcckl\u00e4ufig.\u00a0<\/p>\n<h3>F\u00fcr welche Lebensbereiche steht Mars?<\/h3>\n<p>In der Astrologie steht der Planet Mars - als Pendant zur Venus - f\u00fcr M\u00e4nnlichkeit. Au\u00dferdem beeinflusst er (Handlungs-)Energie, Tat- und Willenskraft. Diese Bereiche sind w\u00e4hrend des r\u00fcckl\u00e4ufigen Mars gest\u00f6rt. Die Devise lautet daher: In sich gehen, Pl\u00e4ne \u00fcberdenken, zur\u00fcck lehnen und abwarten. Warten Sie mit der Umsetzung ab bis Mars wieder direkt l\u00e4uft.<\/p>\n<\/div><\/div><\/div><div class=\"et_pb_text_1 et_pb_text et_pb_bg_layout_light et_pb_module et_block_module\"><div class=\"et_pb_text_inner\"><p><a href=\"https:\/\/moonworx.de\/de\/faq-und-hilfe\/\">Zur\u00fcck zur \u00dcbersicht<\/a><\/p>\n<\/div><\/div><\/div><div class=\"et_pb_column_2 et_pb_column et_pb_column_1_3 et-last-child et_block_column et_pb_css_mix_blend_mode_passthrough\"><div class=\"et_pb_code_0 et_pb_code et_pb_module\"><div class=\"et_pb_code_inner\">  \n  \n  <div class=\"\n    mailpoet_form_popup_overlay\n      \"><\/div>\n  <div\n    id=\"mailpoet_form_1\"\n    class=\"\n      mailpoet_form\n      mailpoet_form_shortcode\n      mailpoet_form_position_\n      mailpoet_form_animation_\n    \"\n      >\n\n    <style type=\"text\/css\">\n     #mailpoet_form_1 .mailpoet_form {  }\n#mailpoet_form_1 .mailpoet_column_with_background { padding: 10px; }\n#mailpoet_form_1 .mailpoet_form_column:not(:first-child) { margin-left: 20px; }\n#mailpoet_form_1 .mailpoet_paragraph { line-height: 20px; margin-bottom: 20px; }\n#mailpoet_form_1 .mailpoet_segment_label, #mailpoet_form_1 .mailpoet_text_label, #mailpoet_form_1 .mailpoet_textarea_label, #mailpoet_form_1 .mailpoet_select_label, #mailpoet_form_1 .mailpoet_radio_label, #mailpoet_form_1 .mailpoet_checkbox_label, #mailpoet_form_1 .mailpoet_list_label, #mailpoet_form_1 .mailpoet_date_label { display: block; font-weight: normal; }\n#mailpoet_form_1 .mailpoet_text, #mailpoet_form_1 .mailpoet_textarea, #mailpoet_form_1 .mailpoet_select, #mailpoet_form_1 .mailpoet_date_month, #mailpoet_form_1 .mailpoet_date_day, #mailpoet_form_1 .mailpoet_date_year, #mailpoet_form_1 .mailpoet_date { display: block; }\n#mailpoet_form_1 .mailpoet_text, #mailpoet_form_1 .mailpoet_textarea { width: 200px; }\n#mailpoet_form_1 .mailpoet_checkbox {  }\n#mailpoet_form_1 .mailpoet_submit {  }\n#mailpoet_form_1 .mailpoet_divider {  }\n#mailpoet_form_1 .mailpoet_message {  }\n#mailpoet_form_1 .mailpoet_form_loading { width: 30px; text-align: center; line-height: normal; }\n#mailpoet_form_1 .mailpoet_form_loading > span { width: 5px; height: 5px; background-color: #5b5b5b; }#mailpoet_form_1{border-radius: 0px;background: linear-gradient(45deg,rgb(34,140,254) 0%,rgb(20,64,134) 100%);color: #ffffff;text-align: left;}#mailpoet_form_1 form.mailpoet_form {padding: 20px;}#mailpoet_form_1{width: 100%;}#mailpoet_form_1 .mailpoet_message {margin: 0; padding: 0 20px;}#mailpoet_form_1 .mailpoet_paragraph.last {margin-bottom: 0} @media (max-width: 500px) {#mailpoet_form_1 {background: linear-gradient(45deg,rgb(34,140,254) 0%,rgb(20,64,134) 100%);}} @media (min-width: 500px) {#mailpoet_form_1 .last .mailpoet_paragraph:last-child {margin-bottom: 0}}  @media (max-width: 500px) {#mailpoet_form_1 .mailpoet_form_column:last-child .mailpoet_paragraph:last-child {margin-bottom: 0}} \n    <\/style>\n\n    <form\n      target=\"_self\"\n      method=\"post\"\n      action=\"https:\/\/moonworx.de\/wp-admin\/admin-post.php?action=mailpoet_subscription_form\"\n      class=\"mailpoet_form mailpoet_form_form mailpoet_form_shortcode\"\n      novalidate\n      data-delay=\"\"\n      data-exit-intent-enabled=\"\"\n      data-font-family=\"\"\n      data-cookie-expiration-time=\"\"\n    >\n      <input type=\"hidden\" name=\"data[form_id]\" value=\"1\" \/>\n      <input type=\"hidden\" name=\"token\" value=\"d62ff477f8\" \/>\n      <input type=\"hidden\" name=\"api_version\" value=\"v1\" \/>\n      <input type=\"hidden\" name=\"endpoint\" value=\"subscribers\" \/>\n      <input type=\"hidden\" name=\"mailpoet_method\" value=\"subscribe\" \/>\n\n      <label class=\"mailpoet_hp_email_label\" style=\"display: none !important;\">Bitte dieses Feld leer lassen<input type=\"email\" name=\"data[email]\"\/><\/label><h2 class=\"mailpoet-heading \" style=\"text-align: left; color: #ffffff\">Newsletter Anmeldung<\/h2>\n<p class=\"mailpoet_form_paragraph \" style=\"text-align: left\">Erhalten Sie regelm\u00e4\u00dfig Neuigkeiten \u00fcber die MoonWorx App, Mondphasen, r\u00fcckl\u00e4ufige Planeten, Produkte und Angebote rund um den MoonWorx-Mondkalender.<\/p>\n<div class=\"mailpoet_paragraph \"><label for=\"form_first_name_1\" class=\"mailpoet_text_label\"  data-automation-id=\"form_first_name_label\" >Name<\/label><input type=\"text\" autocomplete=\"given-name\" class=\"mailpoet_text\" id=\"form_first_name_1\" name=\"data[form_field_Y2NlOTYwMmI0NDExX2ZpcnN0X25hbWU=]\" title=\"Name\" value=\"\" style=\"width:100%;box-sizing:border-box;padding:5px;margin: 0 auto 0 0;\" data-automation-id=\"form_first_name\" data-parsley-errors-container=\".mailpoet_error_18lbw\" data-parsley-names='[&quot;Bitte gib einen g\u00fcltigen Namen an.&quot;,&quot;Adressen in Namen sind nicht erlaubt, bitte f\u00fcge stattdessen deinen Namen hinzu.&quot;]'\/><span class=\"mailpoet_error_18lbw\"><\/span><\/div>\n<div class=\"mailpoet_paragraph \"><label for=\"form_email_1\" class=\"mailpoet_text_label\"  data-automation-id=\"form_email_label\" >E-Mail-Adresse&nbsp;<span class=\"mailpoet_required\" aria-hidden=\"true\">*<\/span><\/label><input type=\"email\" autocomplete=\"email\" class=\"mailpoet_text\" id=\"form_email_1\" name=\"data[form_field_ZWU3M2YwMzAxZmZhX2VtYWls]\" title=\"E-Mail-Adresse\" value=\"\" style=\"width:100%;box-sizing:border-box;padding:5px;margin: 0 auto 0 0;\" data-automation-id=\"form_email\" data-parsley-errors-container=\".mailpoet_error_17ihh\" data-parsley-required=\"true\" required aria-required=\"true\" data-parsley-minlength=\"6\" data-parsley-maxlength=\"150\" data-parsley-type-message=\"Dieser Wert sollte eine g\u00fcltige E-Mail-Adresse sein.\" data-parsley-required-message=\"Dieses Feld wird ben\u00f6tigt.\"\/><span class=\"mailpoet_error_17ihh\"><\/span><\/div>\n<p class=\"mailpoet_form_paragraph  mailpoet-has-font-size\" style=\"text-align: left; color: #ffffff; font-size: 13px\">Mit dem Absenden dieses Formulars stimmen Sie der <a href=\"https:\/\/moonworx.de\/datenschutz\/\" data-type=\"page\" data-id=\"21\" target=\"_blank\" rel=\"noreferrer noopener\">Datenschutzerkl\u00e4rung<\/a> zu. Sie k\u00f6nnen den Newsletter jederzeit abbestellen.<\/p>\n<div class=\"mailpoet_paragraph \"><input type=\"submit\" class=\"mailpoet_submit\" value=\"Newsletter abonnieren\" data-automation-id=\"subscribe-submit-button\" style=\"width:100%;box-sizing:border-box;background-color:#ffffff;border-style:solid;border-radius:5px !important;border-width:1px;border-color:#ffffff;padding:5px;margin: 0 auto 0 0;color:#144086;\" \/><span class=\"mailpoet_form_loading\"><span class=\"mailpoet_bounce1\"><\/span><span class=\"mailpoet_bounce2\"><\/span><span class=\"mailpoet_bounce3\"><\/span><\/span><\/div>\n\n      <div class=\"mailpoet_message\">\n        <p class=\"mailpoet_validate_success\"\n                style=\"display:none;\"\n                >Pr\u00fcfen Sie Ihren Posteingang oder Spam-Ordner, um Ihr Abonnement zu best\u00e4tigen.\n        <\/p>\n        <p class=\"mailpoet_validate_error\"\n                style=\"display:none;\"\n                >        <\/p>\n      <\/div>\n    <\/form>\n\n      <\/div>\n\n  <\/div><\/div><\/div><\/div><\/div>\n","protected":false},"excerpt":{"rendered":"","protected":false},"author":1,"featured_media":0,"parent":19,"menu_order":0,"comment_status":"closed","ping_status":"closed","template":"","meta":{"iawp_total_views":54,"footnotes":""},"class_list":["post-157","page","type-page","status-publish","hentry"],"_links":{"self":[{"href":"https:\/\/moonworx.de\/de\/wp-json\/wp\/v2\/pages\/157","targetHints":{"allow":["GET"]}}],"collection":[{"href":"https:\/\/moonworx.de\/de\/wp-json\/wp\/v2\/pages"}],"about":[{"href":"https:\/\/moonworx.de\/de\/wp-json\/wp\/v2\/types\/page"}],"author":[{"embeddable":true,"href":"https:\/\/moonworx.de\/de\/wp-json\/wp\/v2\/users\/1"}],"replies":[{"embeddable":true,"href":"https:\/\/moonworx.de\/de\/wp-json\/wp\/v2\/comments?post=157"}],"version-history":[{"count":3,"href":"https:\/\/moonworx.de\/de\/wp-json\/wp\/v2\/pages\/157\/revisions"}],"predecessor-version":[{"id":616,"href":"https:\/\/moonworx.de\/de\/wp-json\/wp\/v2\/pages\/157\/revisions\/616"}],"up":[{"embeddable":true,"href":"https:\/\/moonworx.de\/de\/wp-json\/wp\/v2\/pages\/19"}],"wp:attachment":[{"href":"https:\/\/moonworx.de\/de\/wp-json\/wp\/v2\/media?parent=157"}],"curies":[{"name":"wp","href":"https:\/\/api.w.org\/{rel}","templated":true}]}}