{"id":17,"date":"2023-12-04T11:40:45","date_gmt":"2023-12-04T10:40:45","guid":{"rendered":"https:\/\/mondkalender-moonworx.de\/preise-und-funktionen\/"},"modified":"2026-03-13T11:59:59","modified_gmt":"2026-03-13T10:59:59","slug":"preise-und-funktionen","status":"publish","type":"page","link":"https:\/\/moonworx.de\/de\/preise-und-funktionen\/","title":{"rendered":"Preise und Funktionen"},"content":{"rendered":"\n<div class=\"et_pb_section_0 et_pb_section et_section_regular et_block_section\"><div class=\"et_pb_row_0 et_pb_row et_block_row\"><div class=\"et_pb_column_0 et_pb_column et_pb_column_4_4 et-last-child et_block_column et_pb_css_mix_blend_mode_passthrough\"><div class=\"et_pb_text_0 et_pb_text et_pb_bg_layout_light et_pb_module et_block_module\"><div class=\"et_pb_text_inner\"><h1>Preise und Funktionen<\/h1>\n<\/div><\/div><div class=\"et_pb_code_0 et_pb_code et_pb_module\"><div class=\"et_pb_code_inner\"><style type=\"text\/css\">\n#prices-functions {\n    width: 100%;\n    margin-bottom: 1rem;\n    color: #144086;\n  border: none !important;\n  font-size: 1.1em;\n}\n  \n#prices-functions thead th {\n    background: #144086;\n    color: #ffffff;\n    border-bottom: none;\n    font-weight: normal;\n    white-space: nowrap;\n    vertical-align: middle;\n}\n#prices-functions th, #prices-functions td {\n    padding: 1.2rem 1rem 0.75rem 1rem !important;\n    vertical-align: top;\n    border: none !important;\n    border-top: 1px solid rgba(175,210,250,0.7) !important;\n}\n  \n#prices-functions .bg-light {\n    background-color: #f8f9fa !important;\n}\n  \n#prices-functions .text-center {\n    text-align: center;\n}\n<\/style>\n\n<table class=\"table table-responsive\" id=\"prices-functions\"><thead><tr><th>Beschreibung der Funktion<\/th><th class=\"text-center\">Kostenlose Version<\/th><th class=\"text-center\">Pro-Version<\/th><\/tr><\/thead><tbody><tr><td colspan=\"3\" class=\"bg-light\"><h3>Tagesansicht<\/h3><\/td><\/tr><tr><td colspan=\"3\"><h4>Allgemein<\/h4><\/td><\/tr><tr><td>Aktuelle Mondphase, Zeitpunkt des Eintritts in die n\u00e4chste Mondphase<\/td><td class=\"text-center\"><span class=\"icon-check\"><\/span><\/td><td class=\"text-center\"><span class=\"icon-check\"><\/span><\/td><\/tr><tr><td>Fotografische Ansicht des Mondes vorgestern, gestern, heute, morgen und \u00fcbermorgen<\/td><td class=\"text-center\"><span class=\"icon-check\"><\/span><\/td><td class=\"text-center\"><span class=\"icon-check\"><\/span><\/td><\/tr><tr><td>Aktuelles Tierkreiszeichen (auf-\/absteigend), Zeitpunkt des Eintritts in das n\u00e4chste Zeichen<\/td><td class=\"text-center\"><span class=\"icon-check\"><\/span><\/td><td class=\"text-center\"><span class=\"icon-check\"><\/span><\/td><\/tr><tr><td>Berechnung der Mondpause<\/td><td class=\"text-center\"> - <\/td><td class=\"text-center\"><span class=\"icon-check\"><\/span><\/td><\/tr><tr><td>Berechnung von Auf-\/Untergang von Sonne und Mond f\u00fcr individuellen Ort<\/td><td class=\"text-center\"> - <\/td><td class=\"text-center\"><span class=\"icon-check\"><\/span><\/td><\/tr><tr><td>Text \u00fcber die Tagesqualit\u00e4t f\u00fcr alle 48 Kombinationen von Mondphase und Tierkreiszeichen<\/td><td class=\"text-center\"> - <\/td><td class=\"text-center\"><span class=\"icon-check\"><\/span><\/td><\/tr><tr><td>Bl\u00e4tterfunktion, um schnell zwischen den Tagesansichten (gestern, heute, morgen, Zeichenwechsel) zu wechseln<\/td><td class=\"text-center\"> - <\/td><td class=\"text-center\"><span class=\"icon-check\"><\/span><\/td><\/tr><tr><td>Datum-Auswahl f\u00fcr jeden beliebigen Tag im unterst\u00fctzten Zeitraum<\/td><td class=\"text-center\"> - <\/td><td class=\"text-center\"><span class=\"icon-check\"><\/span><\/td><\/tr><tr><td>PDF-Export jeden beliebigen Tag im unterst\u00fctzten Zeitraum<\/td><td class=\"text-center\"> - <\/td><td class=\"text-center\"><span class=\"icon-check\"><\/span><\/td><\/tr><tr><td colspan=\"3\"><h4>Qualit\u00e4t<\/h4><\/td><\/tr><tr><td>K\u00f6rperregionen (entsprechend des Tierkreises) mit alternativen Pflegetipps und Yoga\u00fcbungen<\/td><td class=\"text-center\"><span class=\"icon-check\"><\/span><\/td><td class=\"text-center\"><span class=\"icon-check\"><\/span><\/td><\/tr><tr><td>Infos zu Elementen (Feuer, Erde, Wasser, Luft)<\/td><td class=\"text-center\"> - <\/td><td class=\"text-center\"><span class=\"icon-check\"><\/span><\/td><\/tr><tr><td>Infos zu Qualit\u00e4ten (W\u00e4rme, K\u00e4lte, Wasser, Licht)<\/td><td class=\"text-center\"> - <\/td><td class=\"text-center\"><span class=\"icon-check\"><\/span><\/td><\/tr><tr><td>Infos zu Pflanzenteilen (Wurzeln, Bl\u00fcten, Fr\u00fcchte, Bl\u00e4tter)<\/td><td class=\"text-center\"> - <\/td><td class=\"text-center\"><span class=\"icon-check\"><\/span><\/td><\/tr><tr><td>Infos zur Ern\u00e4hrung (Fett\/\u00d6l, Kohlenhydrate, Eiwei\u00df, Salz)<\/td><td class=\"text-center\"> - <\/td><td class=\"text-center\"><span class=\"icon-check\"><\/span><\/td><\/tr><tr><td colspan=\"3\"><h4>Tipps<\/h4><\/td><\/tr><tr><td>7 Hauptkategorien (Haushalt, Garten, Ern\u00e4hrung, K\u00f6rperpflege, Haarpflege, Gesundheit, Heimwerken)<\/td><td class=\"text-center\"><span class=\"icon-check\"><\/span><\/td><td class=\"text-center\"><span class=\"icon-check\"><\/span><\/td><\/tr><tr><td>\u00dcber 90 T\u00e4tigkeiten<\/td><td class=\"text-center\"><span class=\"icon-check\"><\/span><\/td><td class=\"text-center\"><span class=\"icon-check\"><\/span><\/td><\/tr><tr><td>Mehr als 350 hilfreiche Texte, kategorisiert in sehr gut, gut und ungeeignet<\/td><td class=\"text-center\"> - <\/td><td class=\"text-center\"><span class=\"icon-check\"><\/span><\/td><\/tr><tr><td colspan=\"3\" class=\"bg-light\"><h3>Monatsansicht \/ Suche<\/h3><\/td><\/tr><tr><td>Monatsansicht der Mondphasen und Tierkreiszeichen<\/td><td class=\"text-center\"><span class=\"icon-check\"><\/span><\/td><td class=\"text-center\"><span class=\"icon-check\"><\/span><\/td><\/tr><tr><td>Exakte Zeitpunkte des Zeichenwechsels und der Voll- und Neumondphase<\/td><td class=\"text-center\"> - <\/td><td class=\"text-center\"><span class=\"icon-check\"><\/span><\/td><\/tr><tr><td>Anzeige der Tage mit r\u00fcckl\u00e4ufigen Planeten (Merkur, Venus, Mars)<\/td><td class=\"text-center\"> - <\/td><td class=\"text-center\"><span class=\"icon-check\"><\/span><\/td><\/tr><tr><td>Suche von sehr gut, gut und schlecht geeigneten Tagen f\u00fcr alle T\u00e4tigkeiten<\/td><td class=\"text-center\"> - <\/td><td class=\"text-center\"><span class=\"icon-check\"><\/span><\/td><\/tr><tr><td>Termin-Export von T\u00e4tigkeiten in den Kalender<\/td><td class=\"text-center\"> - <\/td><td class=\"text-center\"><span class=\"icon-check\"><\/span><\/td><\/tr><tr><td>Schnellansicht eines Kalender-Tages<\/td><td class=\"text-center\"> - <\/td><td class=\"text-center\"><span class=\"icon-check\"><\/span><\/td><\/tr><tr><td>Monatsansicht als Liste oder in Kalenderform<\/td><td class=\"text-center\"> - <\/td><td class=\"text-center\"><span class=\"icon-check\"><\/span><\/td><\/tr><tr><td>Export der Monats-Ansichten als PDF (1 Monat oder 1 Woche pro Blatt)<\/td><td class=\"text-center\"> - <\/td><td class=\"text-center\"><span class=\"icon-check\"><\/span><\/td><\/tr><tr><td colspan=\"3\" class=\"bg-light\"><h3>Biorhythmus<\/h3><\/td><\/tr><tr><td>Biorhythmus individuell f\u00fcr jedes beliebige Geburtsdatum einstellbar<\/td><td class=\"text-center\"> - <\/td><td class=\"text-center\"><span class=\"icon-check\"><\/span><\/td><\/tr><tr><td>Unbegrenzt Biorhythmen erstellen, speichern, bearbeiten, l\u00f6schen<\/td><td class=\"text-center\"> - <\/td><td class=\"text-center\"><span class=\"icon-check\"><\/span><\/td><\/tr><tr><td>Zwei Biorhythmen miteinander vergleichen<\/td><td class=\"text-center\"> - <\/td><td class=\"text-center\"><span class=\"icon-check\"><\/span><\/td><\/tr><tr><td>Berechnung als Sinuskurven<\/td><td class=\"text-center\"> - <\/td><td class=\"text-center\"><span class=\"icon-check\"><\/span><\/td><\/tr><tr><td>Berechnung als asymmetrische Kurven nach Paungger & Poppe<\/td><td class=\"text-center\"> - <\/td><td class=\"text-center\"><span class=\"icon-check\"><\/span><\/td><\/tr><tr><td>Zus\u00e4tzliche Kurve: Durchschnitt<\/td><td class=\"text-center\"> - <\/td><td class=\"text-center\"><span class=\"icon-check\"><\/span><\/td><\/tr><tr><td>Sekund\u00e4re Kurven: Spirituell, Intuition, Bewusstsein, \u00c4sthetik<\/td><td class=\"text-center\"> - <\/td><td class=\"text-center\"><span class=\"icon-check\"><\/span><\/td><\/tr><tr><td>Export-Funktion (Android: JPG ohne Text, iOS: PDF mit Text)<\/td><td class=\"text-center\"> - <\/td><td class=\"text-center\"><span class=\"icon-check\"><\/span><\/td><\/tr><tr><td colspan=\"3\" class=\"bg-light\"><h3>Mondphasen<\/h3><\/td><\/tr><tr><td>Berechnung aller Mondphasen (Vollmond, Neumond, Halbmond) f\u00fcr ein Jahr (bl\u00e4ttern pro Jahr m\u00f6glich)<\/td><td class=\"text-center\"> - <\/td><td class=\"text-center\"><span class=\"icon-check\"><\/span><\/td><\/tr><tr><td>Export aller Mondphasen als PDF-Dokument<\/td><td class=\"text-center\"> - <\/td><td class=\"text-center\"><span class=\"icon-check\"><\/span><\/td><\/tr><tr><td colspan=\"3\" class=\"bg-light\"><h3>R\u00fcckl\u00e4ufige Planeten: Merkur, Venus, Mars<\/h3><\/td><\/tr><tr><td>Berechnung aller Phasen der r\u00fcckl\u00e4ufigen Planeten Merkur, Venus und Mars f\u00fcr ein Jahr (bl\u00e4ttern pro Jahr m\u00f6glich)<\/td><td class=\"text-center\"> - <\/td><td class=\"text-center\"><span class=\"icon-check\"><\/span><\/td><\/tr><tr><td>Export der Zeitr\u00e4ume als PDF-Dokument<\/td><td class=\"text-center\"> - <\/td><td class=\"text-center\"><span class=\"icon-check\"><\/span><\/td><\/tr><tr><td colspan=\"3\" class=\"bg-light\"><h3>Allgemeines<\/h3><\/td><\/tr><tr><td>Werbefreiheit genie\u00dfen<\/td><td class=\"text-center\"><span class=\"icon-check\"><\/span><\/td><td class=\"text-center\"><span class=\"icon-check\"><\/span><\/td><\/tr><tr><td>Kurze Guide und Infos zu fast allen Themen<\/td><td class=\"text-center\"><span class=\"icon-check\"><\/span><\/td><td class=\"text-center\"><span class=\"icon-check\"><\/span><\/td><\/tr><tr><td>Mehrsprachigkeit: Deutsch und Englisch<\/td><td class=\"text-center\"><span class=\"icon-check\"><\/span><\/td><td class=\"text-center\"><span class=\"icon-check\"><\/span><\/td><\/tr><tr><td>\u00a0<\/td><td>\u00a0<\/td><td>\u00a0<\/td><\/tr><\/tbody><thead><tr><th colspan=\"2\"><h3 class=\"mt-1\" style=\"color: white!important; text-align: right;\">Jetzt kaufen<\/h3><\/th><th><strong>2,49 \u20ac \/ 6 Monate<\/strong> oder<br><strong>3,99 \u20ac \/ Jahr<\/strong><\/th><\/tr><\/thead><\/table><\/div><\/div><\/div><\/div><\/div><div class=\"et_pb_section_1 et_pb_section et_section_regular et_block_section\"><div class=\"et_pb_row_1 et_pb_row et_block_row\"><div class=\"et_pb_column_1 et_pb_column et_pb_column_4_4 et-last-child et_block_column et_pb_css_mix_blend_mode_passthrough\"><div class=\"et_pb_text_1 et_pb_text et_pb_bg_layout_dark et_pb_module et_block_module\"><div class=\"et_pb_text_inner\"><h2 style=\"text-align: center;\">Holen Sie sich jetzt den<br \/>MoonWorx Mondkalender auf's Handy!<\/h2>\n<\/div><\/div><\/div><\/div><div class=\"et_pb_row_2 et_pb_row et_block_row\"><div class=\"et_pb_column_2 et_pb_column et_pb_column_1_2 et_block_column et_pb_css_mix_blend_mode_passthrough\"><div class=\"et_pb_cta_0 et_pb_promo et_pb_bg_layout_dark et_clickable et_pb_module et_block_module\"><div class=\"et_pb_promo_description\"><h2 class=\"et_pb_module_header\">Android<\/h2><\/div><div class=\"et_pb_button_wrapper\"><a class=\"et_pb_button et_pb_promo_button\" target=\"_blank\" href=\"https:\/\/play.google.com\/store\/apps\/details?id=de.moonworx.android\" data-icon=\"5\" rel=\"noreferrer noopener\">Google Play Store<\/a><\/div><\/div><\/div><div class=\"et_pb_column_3 et_pb_column et_pb_column_1_2 et-last-child et_block_column et_pb_css_mix_blend_mode_passthrough\"><div class=\"et_pb_cta_1 et_pb_promo et_pb_bg_layout_dark et_clickable et_pb_module et_block_module\"><div class=\"et_pb_promo_description\"><h2 class=\"et_pb_module_header\">iPhone\/iPad<\/h2><\/div><div class=\"et_pb_button_wrapper\"><a class=\"et_pb_button et_pb_promo_button\" target=\"_blank\" href=\"https:\/\/apps.apple.com\/de\/app\/moonworx-mondkalender\/id761478288\" data-icon=\"5\" rel=\"noreferrer noopener\">Apple App Store<\/a><\/div><\/div><\/div><\/div><\/div>\n","protected":false},"excerpt":{"rendered":"","protected":false},"author":1,"featured_media":0,"parent":0,"menu_order":2,"comment_status":"closed","ping_status":"closed","template":"","meta":{"iawp_total_views":314,"footnotes":""},"class_list":["post-17","page","type-page","status-publish","hentry"],"_links":{"self":[{"href":"https:\/\/moonworx.de\/de\/wp-json\/wp\/v2\/pages\/17","targetHints":{"allow":["GET"]}}],"collection":[{"href":"https:\/\/moonworx.de\/de\/wp-json\/wp\/v2\/pages"}],"about":[{"href":"https:\/\/moonworx.de\/de\/wp-json\/wp\/v2\/types\/page"}],"author":[{"embeddable":true,"href":"https:\/\/moonworx.de\/de\/wp-json\/wp\/v2\/users\/1"}],"replies":[{"embeddable":true,"href":"https:\/\/moonworx.de\/de\/wp-json\/wp\/v2\/comments?post=17"}],"version-history":[{"count":3,"href":"https:\/\/moonworx.de\/de\/wp-json\/wp\/v2\/pages\/17\/revisions"}],"predecessor-version":[{"id":606,"href":"https:\/\/moonworx.de\/de\/wp-json\/wp\/v2\/pages\/17\/revisions\/606"}],"wp:attachment":[{"href":"https:\/\/moonworx.de\/de\/wp-json\/wp\/v2\/media?parent=17"}],"curies":[{"name":"wp","href":"https:\/\/api.w.org\/{rel}","templated":true}]}}